{"id":10709,"date":"2014-11-19T15:14:03","date_gmt":"2014-11-19T15:14:03","guid":{"rendered":"http:\/\/avada.theme-fusion.comxml\/?page_id=10709"},"modified":"2019-01-31T09:57:19","modified_gmt":"2019-01-31T09:57:19","slug":"home-3","status":"publish","type":"page","link":"https:\/\/friseur-chakra.com\/","title":{"rendered":"Home"},"content":{"rendered":"<p><div class=\"fusion-fullwidth fullwidth-box fusion-builder-row-1 nonhundred-percent-fullwidth non-hundred-percent-height-scrolling\" style=\"--awb-background-position:left top;--awb-border-radius-top-left:0px;--awb-border-radius-top-right:0px;--awb-border-radius-bottom-right:0px;--awb-border-radius-bottom-left:0px;--awb-padding-top:55px;--awb-padding-bottom:40px;--awb-background-color:#7ab8c9;--awb-border-sizes-top:0px;--awb-border-sizes-bottom:0px;--awb-flex-wrap:wrap;\" ><div class=\"fusion-builder-row fusion-row\"><div class=\"fusion-layout-column fusion_builder_column fusion-builder-column-0 fusion_builder_column_1_1 1_1 fusion-one-full fusion-column-first fusion-column-last fusion-column-no-min-height\" style=\"--awb-bg-size:cover;--awb-margin-bottom:0px;\"><div class=\"fusion-column-wrapper fusion-flex-column-wrapper-legacy\"><div class=\"fusion-text fusion-text-1\"><h2 style=\"text-align: center; font-size: 30px; line-height: 40px;\"><span style=\"color: #ffffff;\">Chakra ist rundum f\u00fcr Sie da!<\/span><\/h2>\n<\/div><div class=\"fusion-clearfix\"><\/div><\/div><\/div><div class=\"fusion-layout-column fusion_builder_column fusion-builder-column-1 fusion_builder_column_1_1 1_1 fusion-one-full fusion-column-first fusion-column-last fusion-column-no-min-height\" style=\"--awb-bg-color:#7ab8c9;--awb-bg-color-hover:#7ab8c9;--awb-bg-size:cover;--awb-margin-bottom:0px;\"><div class=\"fusion-column-wrapper fusion-flex-column-wrapper-legacy\"><div class=\"fusion-text fusion-text-2\"><p style=\"text-align: center; font-size: 18px; line-height: 29px;\"><span style=\"color: #fefefe;\"><span style=\"caret-color: #fefefe;\">Ob f\u00fcr Damen, Herren, Kinder oder Br\u00e4ute wir verw\u00f6hnen Sie in Sachen Haare und Kosmetik!<\/span><\/span><\/p>\n<\/div><div class=\"fusion-clearfix\"><\/div><\/div><\/div><\/div><\/div><div class=\"fusion-fullwidth fullwidth-box fusion-builder-row-2 hundred-percent-fullwidth non-hundred-percent-height-scrolling\" style=\"--awb-border-radius-top-left:0px;--awb-border-radius-top-right:0px;--awb-border-radius-bottom-right:0px;--awb-border-radius-bottom-left:0px;--awb-overflow:visible;--awb-flex-wrap:wrap;\" ><div class=\"fusion-builder-row fusion-row\"><div class=\"fusion-layout-column fusion_builder_column fusion-builder-column-2 fusion_builder_column_1_1 1_1 fusion-one-full fusion-column-first fusion-column-last fusion-column-no-min-height\" style=\"--awb-bg-size:cover;--awb-margin-bottom:0px;\"><div class=\"fusion-column-wrapper fusion-flex-column-wrapper-legacy\"><div class=\"fusion-section-separator section-separator triangle fusion-section-separator-1\" style=\"--awb-border-bottom:1px solid #7ab8c9;--awb-spacer-height:1px;--awb-svg-margin-left:0;--awb-svg-margin-right:0;--awb-icon-color:#ffffff;\"><div class=\"fusion-section-separator-svg\"><div class=\"divider-candy-arrow bottom\" style=\"top:0px;border-top-color: #7ab8c9;\"><\/div><div class=\"divider-candy bottom\" style=\"bottom:-21px;border-bottom:1px solid #7ab8c9;border-left:1px solid #7ab8c9;\"><\/div><\/div><div class=\"fusion-section-separator-spacer\"><div class=\"fusion-section-separator-spacer-height\"><\/div><\/div><\/div><div class=\"fusion-clearfix\"><\/div><\/div><\/div><\/div><\/div><div class=\"fusion-fullwidth fullwidth-box fusion-builder-row-3 fusion-parallax-none hundred-percent-fullwidth non-hundred-percent-height-scrolling\" style=\"--awb-background-repeat:repeat;--awb-border-radius-top-left:0px;--awb-border-radius-top-right:0px;--awb-border-radius-bottom-right:0px;--awb-border-radius-bottom-left:0px;--awb-padding-top:155px;--awb-padding-right:11.25%;--awb-padding-bottom:120px;--awb-padding-left:11.25%;--awb-background-color:#000000;--awb-background-image:url(&quot;https:\/\/friseur-chakra.com\/wp-content\/uploads\/2019\/01\/hintergrund.jpg&quot;);--awb-border-sizes-top:0px;--awb-border-sizes-bottom:0px;--awb-flex-wrap:wrap;\" ><div class=\"fusion-builder-row fusion-row\"><div class=\"fusion-layout-column fusion_builder_column fusion-builder-column-3 fusion_builder_column_1_3 1_3 fusion-one-third fusion-column-first\" style=\"--awb-bg-color:#ffffff;--awb-bg-color-hover:#ffffff;--awb-bg-size:cover;--awb-margin-bottom:3%;width:30.6666%; margin-right: 4%;\"><div class=\"fusion-column-wrapper fusion-flex-column-wrapper-legacy\"><div class=\"fusion-image-element fusion-image-align-center in-legacy-container\" style=\"text-align:center;--awb-caption-title-font-family:var(--h2_typography-font-family);--awb-caption-title-font-weight:var(--h2_typography-font-weight);--awb-caption-title-font-style:var(--h2_typography-font-style);--awb-caption-title-size:var(--h2_typography-font-size);--awb-caption-title-transform:var(--h2_typography-text-transform);--awb-caption-title-line-height:var(--h2_typography-line-height);--awb-caption-title-letter-spacing:var(--h2_typography-letter-spacing);\"><div class=\"imageframe-align-center\"><span class=\" fusion-imageframe imageframe-none imageframe-1 hover-type-zoomin\"><a class=\"fusion-no-lightbox\" href=\"https:\/\/friseur-chakra.com\/?page_id=12039\" target=\"_self\" aria-label=\"woman washing her hair in hairsalon\"><img decoding=\"async\" width=\"5760\" height=\"3840\" src=\"https:\/\/friseur-chakra.com\/wp-content\/uploads\/2019\/01\/AdobeStock_61203573.jpeg\" alt class=\"img-responsive wp-image-11840\" srcset=\"https:\/\/friseur-chakra.com\/wp-content\/uploads\/2019\/01\/AdobeStock_61203573-200x133.jpeg 200w, https:\/\/friseur-chakra.com\/wp-content\/uploads\/2019\/01\/AdobeStock_61203573-400x267.jpeg 400w, https:\/\/friseur-chakra.com\/wp-content\/uploads\/2019\/01\/AdobeStock_61203573-600x400.jpeg 600w, https:\/\/friseur-chakra.com\/wp-content\/uploads\/2019\/01\/AdobeStock_61203573-800x533.jpeg 800w, https:\/\/friseur-chakra.com\/wp-content\/uploads\/2019\/01\/AdobeStock_61203573-1200x800.jpeg 1200w, https:\/\/friseur-chakra.com\/wp-content\/uploads\/2019\/01\/AdobeStock_61203573.jpeg 5760w\" sizes=\"(max-width: 800px) 100vw, 400px\" \/><\/a><\/span><\/div><\/div><div class=\"fusion-text fusion-text-3\"><h2 style=\"text-align: center; margin: 5% 0% 2.75% 0%;\">Farbe und Haare<\/h2>\n<\/div><div class=\"fusion-sep-clear\"><\/div><div class=\"fusion-separator fusion-full-width-sep\" style=\"margin-left: auto;margin-right: auto;margin-top:5px;margin-bottom:5px;width:100%;\"><\/div><div class=\"fusion-sep-clear\"><\/div><div class=\"fusion-clearfix\"><\/div><\/div><\/div><div class=\"fusion-layout-column fusion_builder_column fusion-builder-column-4 fusion_builder_column_1_3 1_3 fusion-one-third\" style=\"--awb-bg-color:#ffffff;--awb-bg-color-hover:#ffffff;--awb-bg-size:cover;--awb-margin-bottom:3%;width:30.6666%; margin-right: 4%;\"><div class=\"fusion-column-wrapper fusion-flex-column-wrapper-legacy\"><div class=\"fusion-image-element fusion-image-align-center in-legacy-container\" style=\"text-align:center;--awb-caption-title-font-family:var(--h2_typography-font-family);--awb-caption-title-font-weight:var(--h2_typography-font-weight);--awb-caption-title-font-style:var(--h2_typography-font-style);--awb-caption-title-size:var(--h2_typography-font-size);--awb-caption-title-transform:var(--h2_typography-text-transform);--awb-caption-title-line-height:var(--h2_typography-line-height);--awb-caption-title-letter-spacing:var(--h2_typography-letter-spacing);\"><div class=\"imageframe-align-center\"><span class=\" fusion-imageframe imageframe-none imageframe-2 hover-type-zoomin\"><a class=\"fusion-no-lightbox\" href=\"https:\/\/friseur-chakra.com\/?page_id=11978\" target=\"_self\" aria-label=\"kosmetik-gesicht\"><img decoding=\"async\" width=\"5500\" height=\"3667\" src=\"https:\/\/friseur-chakra.com\/wp-content\/uploads\/2019\/01\/kosmetik-gesicht.jpg\" alt class=\"img-responsive wp-image-12182\" srcset=\"https:\/\/friseur-chakra.com\/wp-content\/uploads\/2019\/01\/kosmetik-gesicht-200x133.jpg 200w, https:\/\/friseur-chakra.com\/wp-content\/uploads\/2019\/01\/kosmetik-gesicht-400x267.jpg 400w, https:\/\/friseur-chakra.com\/wp-content\/uploads\/2019\/01\/kosmetik-gesicht-600x400.jpg 600w, https:\/\/friseur-chakra.com\/wp-content\/uploads\/2019\/01\/kosmetik-gesicht-800x533.jpg 800w, https:\/\/friseur-chakra.com\/wp-content\/uploads\/2019\/01\/kosmetik-gesicht-1200x800.jpg 1200w, https:\/\/friseur-chakra.com\/wp-content\/uploads\/2019\/01\/kosmetik-gesicht.jpg 5500w\" sizes=\"(max-width: 800px) 100vw, 400px\" \/><\/a><\/span><\/div><\/div><div class=\"fusion-text fusion-text-4\"><h2 style=\"text-align: center; margin: 5% 0% 2.75% 0%;\">Kosmetik<\/h2>\n<\/div><div class=\"fusion-sep-clear\"><\/div><div class=\"fusion-separator fusion-full-width-sep\" style=\"margin-left: auto;margin-right: auto;margin-top:5px;margin-bottom:5px;width:100%;\"><\/div><div class=\"fusion-sep-clear\"><\/div><div class=\"fusion-clearfix\"><\/div><\/div><\/div><div class=\"fusion-layout-column fusion_builder_column fusion-builder-column-5 fusion_builder_column_1_3 1_3 fusion-one-third fusion-column-last\" style=\"--awb-bg-color:#ffffff;--awb-bg-color-hover:#ffffff;--awb-bg-size:cover;--awb-margin-bottom:3%;width:30.6666%;\"><div class=\"fusion-column-wrapper fusion-flex-column-wrapper-legacy\"><div class=\"fusion-image-element fusion-image-align-center in-legacy-container\" style=\"text-align:center;--awb-caption-title-font-family:var(--h2_typography-font-family);--awb-caption-title-font-weight:var(--h2_typography-font-weight);--awb-caption-title-font-style:var(--h2_typography-font-style);--awb-caption-title-size:var(--h2_typography-font-size);--awb-caption-title-transform:var(--h2_typography-text-transform);--awb-caption-title-line-height:var(--h2_typography-line-height);--awb-caption-title-letter-spacing:var(--h2_typography-letter-spacing);\"><div class=\"imageframe-align-center\"><span class=\" fusion-imageframe imageframe-none imageframe-3 hover-type-zoomin\"><a class=\"fusion-no-lightbox\" href=\"https:\/\/avada.theme-fusion.com\/cafe\/\" target=\"_blank\" aria-label=\"Young bride getting her hair done before wedding by professional hair stylist\" rel=\"noopener noreferrer\"><img decoding=\"async\" width=\"5472\" height=\"3648\" src=\"https:\/\/friseur-chakra.com\/wp-content\/uploads\/2019\/01\/AdobeStock_132250295.jpeg\" alt class=\"img-responsive wp-image-11841\" srcset=\"https:\/\/friseur-chakra.com\/wp-content\/uploads\/2019\/01\/AdobeStock_132250295-200x133.jpeg 200w, https:\/\/friseur-chakra.com\/wp-content\/uploads\/2019\/01\/AdobeStock_132250295-400x267.jpeg 400w, https:\/\/friseur-chakra.com\/wp-content\/uploads\/2019\/01\/AdobeStock_132250295-600x400.jpeg 600w, https:\/\/friseur-chakra.com\/wp-content\/uploads\/2019\/01\/AdobeStock_132250295-800x533.jpeg 800w, https:\/\/friseur-chakra.com\/wp-content\/uploads\/2019\/01\/AdobeStock_132250295-1200x800.jpeg 1200w, https:\/\/friseur-chakra.com\/wp-content\/uploads\/2019\/01\/AdobeStock_132250295.jpeg 5472w\" sizes=\"(max-width: 800px) 100vw, 400px\" \/><\/a><\/span><\/div><\/div><div class=\"fusion-text fusion-text-5\"><h2 style=\"text-align: center; margin: 5% 0% 2.75% 0%;\">Brautspezial<\/h2>\n<\/div><div class=\"fusion-sep-clear\"><\/div><div class=\"fusion-separator fusion-full-width-sep\" style=\"margin-left: auto;margin-right: auto;margin-top:5px;margin-bottom:5px;width:100%;\"><\/div><div class=\"fusion-sep-clear\"><\/div><div class=\"fusion-clearfix\"><\/div><\/div><\/div><\/div><\/div><div class=\"fusion-fullwidth fullwidth-box fusion-builder-row-4 nonhundred-percent-fullwidth non-hundred-percent-height-scrolling\" style=\"--awb-background-position:left top;--awb-border-radius-top-left:0px;--awb-border-radius-top-right:0px;--awb-border-radius-bottom-right:0px;--awb-border-radius-bottom-left:0px;--awb-padding-top:35px;--awb-padding-bottom:20px;--awb-background-color:#a0ce4e;--awb-border-sizes-top:0px;--awb-border-sizes-bottom:0px;--awb-flex-wrap:wrap;\" ><div class=\"fusion-builder-row fusion-row\"><div class=\"fusion-layout-column fusion_builder_column fusion-builder-column-6 fusion_builder_column_1_1 1_1 fusion-one-full fusion-column-first fusion-column-last fusion-column-no-min-height\" style=\"--awb-bg-size:cover;--awb-margin-bottom:0px;\"><div class=\"fusion-column-wrapper fusion-flex-column-wrapper-legacy\"><div class=\"fusion-text fusion-text-6\"><h2 style=\"text-align: center; font-size: 30px; line-height: 40px;\"><span style=\"color: #ffffff;\">Wir freuen uns Sie bald bei uns zu sehen.<\/span><\/h2>\n<\/div><div class=\"fusion-clearfix\"><\/div><\/div><\/div><\/div><\/div><\/p>\n","protected":false},"excerpt":{"rendered":"","protected":false},"author":1,"featured_media":0,"parent":0,"menu_order":0,"comment_status":"closed","ping_status":"closed","template":"100-width.php","meta":{"footnotes":""},"class_list":["post-10709","page","type-page","status-publish","hentry"],"_links":{"self":[{"href":"https:\/\/friseur-chakra.com\/index.php?rest_route=\/wp\/v2\/pages\/10709","targetHints":{"allow":["GET"]}}],"collection":[{"href":"https:\/\/friseur-chakra.com\/index.php?rest_route=\/wp\/v2\/pages"}],"about":[{"href":"https:\/\/friseur-chakra.com\/index.php?rest_route=\/wp\/v2\/types\/page"}],"author":[{"embeddable":true,"href":"https:\/\/friseur-chakra.com\/index.php?rest_route=\/wp\/v2\/users\/1"}],"replies":[{"embeddable":true,"href":"https:\/\/friseur-chakra.com\/index.php?rest_route=%2Fwp%2Fv2%2Fcomments&post=10709"}],"version-history":[{"count":32,"href":"https:\/\/friseur-chakra.com\/index.php?rest_route=\/wp\/v2\/pages\/10709\/revisions"}],"predecessor-version":[{"id":12238,"href":"https:\/\/friseur-chakra.com\/index.php?rest_route=\/wp\/v2\/pages\/10709\/revisions\/12238"}],"wp:attachment":[{"href":"https:\/\/friseur-chakra.com\/index.php?rest_route=%2Fwp%2Fv2%2Fmedia&parent=10709"}],"curies":[{"name":"wp","href":"https:\/\/api.w.org\/{rel}","templated":true}]}}